{"id":967,"date":"2024-12-11T11:32:54","date_gmt":"2024-12-11T10:32:54","guid":{"rendered":"https:\/\/book.podcisnieniem.com.pl\/?post_type=product&#038;p=967"},"modified":"2024-12-11T11:32:54","modified_gmt":"2024-12-11T10:32:54","slug":"zestaw-swiateczny-ksiazka-pod-cisnieniem-wetnotes-wersja-pl-15","status":"publish","type":"product","link":"https:\/\/book.podcisnieniem.com.pl\/index.php\/produkt\/zestaw-swiateczny-ksiazka-pod-cisnieniem-wetnotes-wersja-pl-15\/","title":{"rendered":"Zestaw \u015awi\u0105teczny. Ksi\u0105\u017cka \u201ePod Ci\u015bnieniem&#8221; + Wetnotes wersja PL -15%"},"content":{"rendered":"<p>\u015awi\u0105teczny zestaw Human Factors Wetnotes edycja Polska+ Ksi\u0105\u017cka \u201ePod Ci\u015bnieniem&#8221;<br \/>\nIdealny prezent dla nurka.<\/p>\n","protected":false},"excerpt":{"rendered":"<p>\u015awi\u0105teczny zestaw Human Factors Wetnotes edycja Polska+ Ksi\u0105\u017cka \u201ePod Ci\u015bnieniem&#8221; Idealny prezent dla nurka.<\/p>\n","protected":false},"featured_media":971,"comment_status":"open","ping_status":"closed","template":"","meta":[],"product_cat":[17],"product_tag":[],"class_list":{"0":"post-967","1":"product","2":"type-product","3":"status-publish","4":"has-post-thumbnail","6":"product_cat-ksiazki","8":"first","9":"instock","10":"taxable","11":"shipping-taxable","12":"purchasable","13":"product-type-simple"},"_links":{"self":[{"href":"https:\/\/book.podcisnieniem.com.pl\/index.php\/wp-json\/wp\/v2\/product\/967","targetHints":{"allow":["GET"]}}],"collection":[{"href":"https:\/\/book.podcisnieniem.com.pl\/index.php\/wp-json\/wp\/v2\/product"}],"about":[{"href":"https:\/\/book.podcisnieniem.com.pl\/index.php\/wp-json\/wp\/v2\/types\/product"}],"replies":[{"embeddable":true,"href":"https:\/\/book.podcisnieniem.com.pl\/index.php\/wp-json\/wp\/v2\/comments?post=967"}],"wp:featuredmedia":[{"embeddable":true,"href":"https:\/\/book.podcisnieniem.com.pl\/index.php\/wp-json\/wp\/v2\/media\/971"}],"wp:attachment":[{"href":"https:\/\/book.podcisnieniem.com.pl\/index.php\/wp-json\/wp\/v2\/media?parent=967"}],"wp:term":[{"taxonomy":"product_cat","embeddable":true,"href":"https:\/\/book.podcisnieniem.com.pl\/index.php\/wp-json\/wp\/v2\/product_cat?post=967"},{"taxonomy":"product_tag","embeddable":true,"href":"https:\/\/book.podcisnieniem.com.pl\/index.php\/wp-json\/wp\/v2\/product_tag?post=967"}],"curies":[{"name":"wp","href":"https:\/\/api.w.org\/{rel}","templated":true}]}}