{"id":947,"date":"2024-10-19T15:07:59","date_gmt":"2024-10-19T13:07:59","guid":{"rendered":"https:\/\/book.podcisnieniem.com.pl\/?post_type=product&#038;p=947"},"modified":"2024-12-12T10:53:11","modified_gmt":"2024-12-12T09:53:11","slug":"wetnotes-human-diver-polska-edycja","status":"publish","type":"product","link":"https:\/\/book.podcisnieniem.com.pl\/index.php\/produkt\/wetnotes-human-diver-polska-edycja\/","title":{"rendered":"Wetnotes &#8211; Human Diver &#8211; Polska edycja"},"content":{"rendered":"<p>Wetnotes Human Diver s\u0105 niezb\u0119dnym elementem wyposa\u017cenia ka\u017cdego nurka. Wykraczaj\u0105 one poza zwyk\u0142y Wetnotes, poniewa\u017c zawieraj\u0105 dodatkowych 5 stron z wydrukowanymi materia\u0142ami Human Factors: UNITED-C &#8211; model prowadzenie odpraw przed nurkowaniem, model PACE &#8211; jak zwraca\u0107 uwag\u0119 na wa\u017cne rzeczy, DEBrIEF &#8211; prowadzenie om\u00f3wie\u0144 (3 warianty), oraz jak opowiedzie\u0107 histori\u0119 skoncentrowan\u0105 na nauce, a tak\u017ce stron\u0119 z danymi kontaktowymi w sytuacjach awaryjnych.<\/p>\n<p>Ok\u0142adki Wetnotes s\u0105 wykonane z wytrzyma\u0142ej Cordury zapewniaj\u0105cej trwa\u0142o\u015b\u0107 i maj\u0105 klejone szwy na kraw\u0119dziach. Zawieraj\u0105 r\u00f3wnie\u017c przezroczyst\u0105 kiesze\u0144 z ty\u0142u na narz\u0119dzia oraz o\u0142\u00f3wek (jest do\u0142\u0105czony).<\/p>\n<p>Wymiary 200 mm x 130 mm x 20 mm<\/p>\n<p><img loading=\"lazy\" decoding=\"async\" class=\"alignnone size-medium wp-image-948\" src=\"https:\/\/book.podcisnieniem.com.pl\/wp-content\/uploads\/2024\/10\/Wetnote1-300x225.webp\" alt=\"\" width=\"300\" height=\"225\" srcset=\"https:\/\/book.podcisnieniem.com.pl\/wp-content\/uploads\/2024\/10\/Wetnote1-300x225.webp 300w, https:\/\/book.podcisnieniem.com.pl\/wp-content\/uploads\/2024\/10\/Wetnote1-1024x768.webp 1024w, https:\/\/book.podcisnieniem.com.pl\/wp-content\/uploads\/2024\/10\/Wetnote1-768x576.webp 768w, https:\/\/book.podcisnieniem.com.pl\/wp-content\/uploads\/2024\/10\/Wetnote1-1536x1152.webp 1536w, https:\/\/book.podcisnieniem.com.pl\/wp-content\/uploads\/2024\/10\/Wetnote1-600x450.webp 600w, https:\/\/book.podcisnieniem.com.pl\/wp-content\/uploads\/2024\/10\/Wetnote1.webp 2048w\" sizes=\"auto, (max-width: 300px) 100vw, 300px\" \/> <img loading=\"lazy\" decoding=\"async\" class=\"alignnone size-medium wp-image-949\" src=\"https:\/\/book.podcisnieniem.com.pl\/wp-content\/uploads\/2024\/10\/wetnote4-300x225.webp\" alt=\"\" width=\"300\" height=\"225\" srcset=\"https:\/\/book.podcisnieniem.com.pl\/wp-content\/uploads\/2024\/10\/wetnote4-300x225.webp 300w, https:\/\/book.podcisnieniem.com.pl\/wp-content\/uploads\/2024\/10\/wetnote4-1024x768.webp 1024w, https:\/\/book.podcisnieniem.com.pl\/wp-content\/uploads\/2024\/10\/wetnote4-768x576.webp 768w, https:\/\/book.podcisnieniem.com.pl\/wp-content\/uploads\/2024\/10\/wetnote4-1536x1152.webp 1536w, https:\/\/book.podcisnieniem.com.pl\/wp-content\/uploads\/2024\/10\/wetnote4-600x450.webp 600w, https:\/\/book.podcisnieniem.com.pl\/wp-content\/uploads\/2024\/10\/wetnote4.webp 2048w\" sizes=\"auto, (max-width: 300px) 100vw, 300px\" \/><img loading=\"lazy\" decoding=\"async\" class=\"alignnone size-medium wp-image-955\" src=\"https:\/\/book.podcisnieniem.com.pl\/wp-content\/uploads\/2024\/10\/wetnote0-300x225.webp\" alt=\"\" width=\"300\" height=\"225\" srcset=\"https:\/\/book.podcisnieniem.com.pl\/wp-content\/uploads\/2024\/10\/wetnote0-300x225.webp 300w, https:\/\/book.podcisnieniem.com.pl\/wp-content\/uploads\/2024\/10\/wetnote0-1024x768.webp 1024w, https:\/\/book.podcisnieniem.com.pl\/wp-content\/uploads\/2024\/10\/wetnote0-768x576.webp 768w, https:\/\/book.podcisnieniem.com.pl\/wp-content\/uploads\/2024\/10\/wetnote0-1536x1152.webp 1536w, https:\/\/book.podcisnieniem.com.pl\/wp-content\/uploads\/2024\/10\/wetnote0-600x450.webp 600w, https:\/\/book.podcisnieniem.com.pl\/wp-content\/uploads\/2024\/10\/wetnote0.webp 2048w\" sizes=\"auto, (max-width: 300px) 100vw, 300px\" \/> <img loading=\"lazy\" decoding=\"async\" class=\"alignnone size-medium wp-image-950\" src=\"https:\/\/book.podcisnieniem.com.pl\/wp-content\/uploads\/2024\/10\/wetnote2-300x225.webp\" alt=\"\" width=\"300\" height=\"225\" srcset=\"https:\/\/book.podcisnieniem.com.pl\/wp-content\/uploads\/2024\/10\/wetnote2-300x225.webp 300w, https:\/\/book.podcisnieniem.com.pl\/wp-content\/uploads\/2024\/10\/wetnote2-1024x768.webp 1024w, https:\/\/book.podcisnieniem.com.pl\/wp-content\/uploads\/2024\/10\/wetnote2-768x576.webp 768w, https:\/\/book.podcisnieniem.com.pl\/wp-content\/uploads\/2024\/10\/wetnote2-1536x1152.webp 1536w, https:\/\/book.podcisnieniem.com.pl\/wp-content\/uploads\/2024\/10\/wetnote2-600x450.webp 600w, https:\/\/book.podcisnieniem.com.pl\/wp-content\/uploads\/2024\/10\/wetnote2.webp 2048w\" sizes=\"auto, (max-width: 300px) 100vw, 300px\" \/> <img loading=\"lazy\" decoding=\"async\" class=\"alignnone size-medium wp-image-951\" src=\"https:\/\/book.podcisnieniem.com.pl\/wp-content\/uploads\/2024\/10\/wetnote3-300x225.webp\" alt=\"\" width=\"300\" height=\"225\" srcset=\"https:\/\/book.podcisnieniem.com.pl\/wp-content\/uploads\/2024\/10\/wetnote3-300x225.webp 300w, https:\/\/book.podcisnieniem.com.pl\/wp-content\/uploads\/2024\/10\/wetnote3-1024x768.webp 1024w, https:\/\/book.podcisnieniem.com.pl\/wp-content\/uploads\/2024\/10\/wetnote3-768x576.webp 768w, https:\/\/book.podcisnieniem.com.pl\/wp-content\/uploads\/2024\/10\/wetnote3-1536x1152.webp 1536w, https:\/\/book.podcisnieniem.com.pl\/wp-content\/uploads\/2024\/10\/wetnote3-600x450.webp 600w, https:\/\/book.podcisnieniem.com.pl\/wp-content\/uploads\/2024\/10\/wetnote3.webp 2048w\" sizes=\"auto, (max-width: 300px) 100vw, 300px\" \/><\/p>\n","protected":false},"excerpt":{"rendered":"<p>Wetnotes Human Diver zawieraj\u0105 dodatkowych 5 stron z materia\u0142ami Human Factors: UNITED-C &#8211; model prowadzenie odpraw, model PACE, DEBrIEF &#8211; prowadzenie om\u00f3wie\u0144,a tak\u017ce stron\u0119 z danymi kontaktowymi w sytuacjach awaryjnych.<\/p>\n<p><img loading=\"lazy\" decoding=\"async\" class=\"alignnone size-medium wp-image-955\" src=\"https:\/\/book.podcisnieniem.com.pl\/wp-content\/uploads\/2024\/10\/wetnote0-300x225.webp\" alt=\"\" width=\"300\" height=\"225\" srcset=\"https:\/\/book.podcisnieniem.com.pl\/wp-content\/uploads\/2024\/10\/wetnote0-300x225.webp 300w, https:\/\/book.podcisnieniem.com.pl\/wp-content\/uploads\/2024\/10\/wetnote0-1024x768.webp 1024w, https:\/\/book.podcisnieniem.com.pl\/wp-content\/uploads\/2024\/10\/wetnote0-768x576.webp 768w, https:\/\/book.podcisnieniem.com.pl\/wp-content\/uploads\/2024\/10\/wetnote0-1536x1152.webp 1536w, https:\/\/book.podcisnieniem.com.pl\/wp-content\/uploads\/2024\/10\/wetnote0-600x450.webp 600w, https:\/\/book.podcisnieniem.com.pl\/wp-content\/uploads\/2024\/10\/wetnote0.webp 2048w\" sizes=\"auto, (max-width: 300px) 100vw, 300px\" \/><\/p>\n","protected":false},"featured_media":955,"comment_status":"open","ping_status":"closed","template":"","meta":[],"product_cat":[22,17],"product_tag":[],"class_list":{"0":"post-947","1":"product","2":"type-product","3":"status-publish","4":"has-post-thumbnail","6":"product_cat-dive-equipment","7":"product_cat-ksiazki","9":"first","10":"instock","11":"taxable","12":"shipping-taxable","13":"purchasable","14":"product-type-simple"},"_links":{"self":[{"href":"https:\/\/book.podcisnieniem.com.pl\/index.php\/wp-json\/wp\/v2\/product\/947","targetHints":{"allow":["GET"]}}],"collection":[{"href":"https:\/\/book.podcisnieniem.com.pl\/index.php\/wp-json\/wp\/v2\/product"}],"about":[{"href":"https:\/\/book.podcisnieniem.com.pl\/index.php\/wp-json\/wp\/v2\/types\/product"}],"replies":[{"embeddable":true,"href":"https:\/\/book.podcisnieniem.com.pl\/index.php\/wp-json\/wp\/v2\/comments?post=947"}],"wp:featuredmedia":[{"embeddable":true,"href":"https:\/\/book.podcisnieniem.com.pl\/index.php\/wp-json\/wp\/v2\/media\/955"}],"wp:attachment":[{"href":"https:\/\/book.podcisnieniem.com.pl\/index.php\/wp-json\/wp\/v2\/media?parent=947"}],"wp:term":[{"taxonomy":"product_cat","embeddable":true,"href":"https:\/\/book.podcisnieniem.com.pl\/index.php\/wp-json\/wp\/v2\/product_cat?post=947"},{"taxonomy":"product_tag","embeddable":true,"href":"https:\/\/book.podcisnieniem.com.pl\/index.php\/wp-json\/wp\/v2\/product_tag?post=947"}],"curies":[{"name":"wp","href":"https:\/\/api.w.org\/{rel}","templated":true}]}}