{"id":880,"date":"2024-02-08T19:30:18","date_gmt":"2024-02-08T18:30:18","guid":{"rendered":"https:\/\/book.podcisnieniem.com.pl\/?post_type=product&#038;p=880"},"modified":"2024-03-06T08:56:08","modified_gmt":"2024-03-06T07:56:08","slug":"szkolenie-i-ksiazka-dla-kochajacych-siebie-i-nurkowac","status":"publish","type":"product","link":"https:\/\/book.podcisnieniem.com.pl\/index.php\/produkt\/szkolenie-i-ksiazka-dla-kochajacych-siebie-i-nurkowac\/","title":{"rendered":"Ksi\u0105\u017cka &#8222;Pod Ci\u015bnieniem&#8221; + Kurs w prezencie dla Kochaj\u0105cych siebie i nurkowa\u0107"},"content":{"rendered":"<p><img loading=\"lazy\" decoding=\"async\" class=\"alignnone size-medium wp-image-881\" src=\"https:\/\/book.podcisnieniem.com.pl\/wp-content\/uploads\/2024\/02\/lovebundle-300x251.png\" alt=\"\" width=\"300\" height=\"251\" srcset=\"https:\/\/book.podcisnieniem.com.pl\/wp-content\/uploads\/2024\/02\/lovebundle-300x251.png 300w, https:\/\/book.podcisnieniem.com.pl\/wp-content\/uploads\/2024\/02\/lovebundle-768x644.png 768w, https:\/\/book.podcisnieniem.com.pl\/wp-content\/uploads\/2024\/02\/lovebundle-600x503.png 600w, https:\/\/book.podcisnieniem.com.pl\/wp-content\/uploads\/2024\/02\/lovebundle.png 940w\" sizes=\"auto, (max-width: 300px) 100vw, 300px\" \/><\/p>\n<p>Szkolenie Online \u201eCzynniki ludzkie w nurkowaniu &#8211; Podstawy&#8221; + Ksi\u0105\u017cka \u201ePod Ci\u015bnieniem&#8221; &#8211; Gareth Lock<br \/>\nTylko do 14 Lutego<\/p>\n","protected":false},"excerpt":{"rendered":"<p>Szkolenie Online \u201eCzynniki ludzkie w nurkowaniu &#8211; Podstawy&#8221; + Ksi\u0105\u017cka \u201ePod Ci\u015bnieniem&#8221; &#8211; Gareth Lock Tylko do 14 Lutego<\/p>\n","protected":false},"featured_media":881,"comment_status":"open","ping_status":"closed","template":"","meta":[],"product_cat":[17,21],"product_tag":[],"class_list":{"0":"post-880","1":"product","2":"type-product","3":"status-publish","4":"has-post-thumbnail","6":"product_cat-ksiazki","7":"product_cat-szkolenia","9":"first","10":"instock","11":"virtual","12":"taxable","13":"purchasable","14":"product-type-simple"},"_links":{"self":[{"href":"https:\/\/book.podcisnieniem.com.pl\/index.php\/wp-json\/wp\/v2\/product\/880","targetHints":{"allow":["GET"]}}],"collection":[{"href":"https:\/\/book.podcisnieniem.com.pl\/index.php\/wp-json\/wp\/v2\/product"}],"about":[{"href":"https:\/\/book.podcisnieniem.com.pl\/index.php\/wp-json\/wp\/v2\/types\/product"}],"replies":[{"embeddable":true,"href":"https:\/\/book.podcisnieniem.com.pl\/index.php\/wp-json\/wp\/v2\/comments?post=880"}],"wp:featuredmedia":[{"embeddable":true,"href":"https:\/\/book.podcisnieniem.com.pl\/index.php\/wp-json\/wp\/v2\/media\/881"}],"wp:attachment":[{"href":"https:\/\/book.podcisnieniem.com.pl\/index.php\/wp-json\/wp\/v2\/media?parent=880"}],"wp:term":[{"taxonomy":"product_cat","embeddable":true,"href":"https:\/\/book.podcisnieniem.com.pl\/index.php\/wp-json\/wp\/v2\/product_cat?post=880"},{"taxonomy":"product_tag","embeddable":true,"href":"https:\/\/book.podcisnieniem.com.pl\/index.php\/wp-json\/wp\/v2\/product_tag?post=880"}],"curies":[{"name":"wp","href":"https:\/\/api.w.org\/{rel}","templated":true}]}}