{"id":303,"date":"2022-10-20T11:01:37","date_gmt":"2022-10-20T09:01:37","guid":{"rendered":"https:\/\/book.podcisnieniem.com.pl\/?post_type=product&#038;p=303"},"modified":"2023-01-02T11:39:56","modified_gmt":"2023-01-02T10:39:56","slug":"pod-cisnieniem-gareth-lock-tw","status":"publish","type":"product","link":"https:\/\/book.podcisnieniem.com.pl\/index.php\/produkt\/pod-cisnieniem-gareth-lock-tw\/","title":{"rendered":"\u201ePod Ci\u015bnieniem&#8221; &#8211; Gareth Lock &#8211; Seria Limitowana"},"content":{"rendered":"<p><a href=\"http:\/\/www.book.podcisnieniem.com.pl\">\u201ePod Ci\u015bnieniem &#8211; Czynniki Ludzkie w Nurkowaniu&#8221;<\/a><br \/>\nGareth Lock, polskie wydanie 2022<br \/>\nTwarda Oprawa &#8211; Seria Limitowana<br \/>\nISBN: 978-83-67581-<span class=\"bold\">01<\/span>-1<\/p>\n<p>UWAGA:<br \/>\nZam\u00f3wienie jest w przedsprzeda\u017cy. Nie jest jeszcze znana dok\u0142adna data dost\u0119pno\u015bci ksi\u0105\u017cki.<br \/>\nPlanowana wysy\u0142ka do ko\u0144ca grudnia 2022 roku.<\/p>\n<p>Je\u017celi chcieli by\u015bcie zam\u00f3wi\u0107 ksi\u0105\u017ck\u0119 z autografem autora, prosz\u0119 dokona\u0107 zakupu i przes\u0142a\u0107 mi email w tej sprawie na adres humandiver@subbaltica.pl lub skontaktowa\u0107 si\u0119 przez pole w zak\u0142adce <a href=\"https:\/\/book.podcisnieniem.com.pl\/index.php\/kontakt\/\">kontakt<\/a><\/p>\n","protected":false},"excerpt":{"rendered":"<p>\u201ePod Ci\u015bnieniem&#8221; &#8211; Gareth Lock, wydanie polskie<\/p>\n","protected":false},"featured_media":142,"comment_status":"open","ping_status":"closed","template":"","meta":[],"product_cat":[17],"product_tag":[],"class_list":{"0":"post-303","1":"product","2":"type-product","3":"status-publish","4":"has-post-thumbnail","6":"product_cat-ksiazki","8":"first","9":"instock","10":"taxable","11":"shipping-taxable","12":"purchasable","13":"product-type-simple"},"_links":{"self":[{"href":"https:\/\/book.podcisnieniem.com.pl\/index.php\/wp-json\/wp\/v2\/product\/303","targetHints":{"allow":["GET"]}}],"collection":[{"href":"https:\/\/book.podcisnieniem.com.pl\/index.php\/wp-json\/wp\/v2\/product"}],"about":[{"href":"https:\/\/book.podcisnieniem.com.pl\/index.php\/wp-json\/wp\/v2\/types\/product"}],"replies":[{"embeddable":true,"href":"https:\/\/book.podcisnieniem.com.pl\/index.php\/wp-json\/wp\/v2\/comments?post=303"}],"wp:featuredmedia":[{"embeddable":true,"href":"https:\/\/book.podcisnieniem.com.pl\/index.php\/wp-json\/wp\/v2\/media\/142"}],"wp:attachment":[{"href":"https:\/\/book.podcisnieniem.com.pl\/index.php\/wp-json\/wp\/v2\/media?parent=303"}],"wp:term":[{"taxonomy":"product_cat","embeddable":true,"href":"https:\/\/book.podcisnieniem.com.pl\/index.php\/wp-json\/wp\/v2\/product_cat?post=303"},{"taxonomy":"product_tag","embeddable":true,"href":"https:\/\/book.podcisnieniem.com.pl\/index.php\/wp-json\/wp\/v2\/product_tag?post=303"}],"curies":[{"name":"wp","href":"https:\/\/api.w.org\/{rel}","templated":true}]}}